{"id":1450,"date":"2025-05-13T18:34:45","date_gmt":"2025-05-13T15:34:45","guid":{"rendered":"https:\/\/bogazcamlica.com.tr\/?page_id=1450"},"modified":"2025-06-04T17:41:03","modified_gmt":"2025-06-04T14:41:03","slug":"deprem-ve-guvenlik","status":"publish","type":"page","link":"https:\/\/bogazcamlica.com.tr\/en\/deprem-ve-guvenlik\/","title":{"rendered":"Deprem ve G\u00fcvenlik"},"content":{"rendered":"<div data-elementor-type=\"wp-page\" data-elementor-id=\"1450\" class=\"elementor elementor-1450\" data-elementor-post-type=\"page\">\n\t\t\t\t<div class=\"elementor-element elementor-element-233d2cc e-con-full e-flex e-con e-parent\" data-id=\"233d2cc\" data-element_type=\"container\" data-settings=\"{&quot;background_background&quot;:&quot;classic&quot;}\">\n\t\t\t\t<div class=\"elementor-element elementor-element-ec7e9b2 elementor-hidden-tablet elementor-hidden-mobile elementor-widget elementor-widget-heading\" data-id=\"ec7e9b2\" data-element_type=\"widget\" data-widget_type=\"heading.default\">\n\t\t\t\t<div class=\"elementor-widget-container\">\n\t\t\t\t\t<h2 class=\"elementor-heading-title elementor-size-default\">EARTHQUAKE AND SAFETY<\/h2>\t\t\t\t<\/div>\n\t\t\t\t<\/div>\n\t\t\t\t<div class=\"elementor-element elementor-element-19114f9 elementor-hidden-desktop elementor-widget elementor-widget-heading\" data-id=\"19114f9\" data-element_type=\"widget\" data-widget_type=\"heading.default\">\n\t\t\t\t<div class=\"elementor-widget-container\">\n\t\t\t\t\t<h2 class=\"elementor-heading-title elementor-size-default\">DEPREM VE <br>G\u00dcVENL\u0130K<\/h2>\t\t\t\t<\/div>\n\t\t\t\t<\/div>\n\t\t\t\t<\/div>\n\t\t<div class=\"elementor-element elementor-element-a5ccd37 e-con-full e-flex e-con e-parent\" data-id=\"a5ccd37\" data-element_type=\"container\">\n\t\t<div class=\"elementor-element elementor-element-e1061b4 e-flex e-con-boxed e-con e-child\" data-id=\"e1061b4\" data-element_type=\"container\">\n\t\t\t\t\t<div class=\"e-con-inner\">\n\t\t<div class=\"elementor-element elementor-element-15e309e e-con-full container e-flex e-con e-child\" data-id=\"15e309e\" data-element_type=\"container\">\n\t\t\t\t<div class=\"elementor-element elementor-element-7197792 reveal elementor-hidden-tablet elementor-hidden-mobile elementor-widget elementor-widget-image\" data-id=\"7197792\" data-element_type=\"widget\" data-widget_type=\"image.default\">\n\t\t\t\t<div class=\"elementor-widget-container\">\n\t\t\t\t\t\t\t\t\t\t\t\t\t\t\t<img fetchpriority=\"high\" decoding=\"async\" width=\"1863\" height=\"2560\" src=\"https:\/\/bogazcamlica.com.tr\/wp-content\/uploads\/2025\/05\/deprem1g-scaled.webp\" class=\"attachment-full size-full wp-image-1458\" alt=\"\" srcset=\"https:\/\/bogazcamlica.com.tr\/wp-content\/uploads\/2025\/05\/deprem1g-scaled.webp 1863w, https:\/\/bogazcamlica.com.tr\/wp-content\/uploads\/2025\/05\/deprem1g-218x300.webp 218w, https:\/\/bogazcamlica.com.tr\/wp-content\/uploads\/2025\/05\/deprem1g-745x1024.webp 745w, https:\/\/bogazcamlica.com.tr\/wp-content\/uploads\/2025\/05\/deprem1g-768x1055.webp 768w, https:\/\/bogazcamlica.com.tr\/wp-content\/uploads\/2025\/05\/deprem1g-1118x1536.webp 1118w, https:\/\/bogazcamlica.com.tr\/wp-content\/uploads\/2025\/05\/deprem1g-1490x2048.webp 1490w\" sizes=\"(max-width: 1863px) 100vw, 1863px\" \/>\t\t\t\t\t\t\t\t\t\t\t\t\t\t\t<\/div>\n\t\t\t\t<\/div>\n\t\t\t\t<\/div>\n\t\t<div class=\"elementor-element elementor-element-0ddcfed e-con-full e-flex e-con e-child\" data-id=\"0ddcfed\" data-element_type=\"container\" data-settings=\"{&quot;background_background&quot;:&quot;classic&quot;}\">\n\t\t\t\t<div class=\"elementor-element elementor-element-a4d85bb text-reveal elementor-widget elementor-widget-heading\" data-id=\"a4d85bb\" data-element_type=\"widget\" data-widget_type=\"heading.default\">\n\t\t\t\t<div class=\"elementor-widget-container\">\n\t\t\t\t\t<h2 class=\"elementor-heading-title elementor-size-default\">Forget the earthquake.<br>\nAn earthquake cannot harm you or your home.<\/h2>\t\t\t\t<\/div>\n\t\t\t\t<\/div>\n\t\t\t\t<div class=\"elementor-element elementor-element-f901d6a text-reveal elementor-hidden-tablet elementor-hidden-mobile elementor-widget elementor-widget-text-editor\" data-id=\"f901d6a\" data-element_type=\"widget\" data-widget_type=\"text-editor.default\">\n\t\t\t\t<div class=\"elementor-widget-container\">\n\t\t\t\t\t\t\t\t\t<p>Earthquakes are, unfortunately, a reality in our country. However, all research shows that it is not the earthquake itself, but lack of preparedness that causes damage...<\/p><p>In our \u201cBo\u011faz \u00c7aml\u0131ca\u201d project, you don't have to worry about this issue while enjoying your privileged life.<\/p><p>We designed the \u201cBosphorus \u00c7aml\u0131ca\u201d Project to be not only earthquake-resistant, but also extra earthquake-resistant. <br \/>We have taken all necessary measures to ensure earthquake resistance, from the concrete class we use to the steel class, the selected structural system, and the specific solution methods used in earthquake calculations.<\/p><p>This way, you will enjoy this privilege in your home in the \u201cBo\u011faz \u00c7aml\u0131ca\u201d project, unaffected even by the largest earthquake that could occur in Istanbul, without any worries.<\/p><p>That's why we can say that \u201cBo\u011faz \u00c7aml\u0131ca\u201d is \u201cthe address for security and peace of mind.\u201d<\/p><p><strong>\u2022 WELL-ORGANIZED TRANSPORT SYSTEM<\/strong><br \/><strong>\u2022 C40 CONCRETE, B500C REINFORCEMENT<\/strong><br \/><strong>\u2022 BUILDING USE CLASS: 1 <\/strong><br \/><strong>\u2022 BUILDING IMPORTANCE COEFFICIENT I=1.5 <\/strong><br \/><strong>\u2022 AFTER AN EARTHQUAKE: SAFE USE<\/strong><\/p>\t\t\t\t\t\t\t\t<\/div>\n\t\t\t\t<\/div>\n\t\t\t\t<div class=\"elementor-element elementor-element-23d8acf text-reveal elementor-hidden-desktop elementor-widget elementor-widget-text-editor\" data-id=\"23d8acf\" data-element_type=\"widget\" data-widget_type=\"text-editor.default\">\n\t\t\t\t<div class=\"elementor-widget-container\">\n\t\t\t\t\t\t\t\t\t<p>Earthquakes are, unfortunately, a reality in our country. However, all research shows that it is not the earthquake itself, but lack of preparedness that causes damage...<\/p><p>In our \u201cBo\u011faz \u00c7aml\u0131ca\u201d project, you don't have to worry about this issue while enjoying your privileged life.<\/p><p>We designed the \u201cBosphorus \u00c7aml\u0131ca\u201d Project to be not only earthquake-resistant, but also extra earthquake-resistant. <br \/>Kulland\u0131\u011f\u0131m\u0131z beton s\u0131n\u0131f\u0131ndan demir s\u0131n\u0131f\u0131na, se\u00e7ilen ta\u015f\u0131y\u0131c\u0131 sistemden ve deprem hesaplar\u0131ndaki \u00f6zel \u00e7\u00f6z\u00fcm y\u00f6ntemleriyle depreme <br \/>dayan\u0131kl\u0131l\u0131k a\u00e7\u0131s\u0131ndan t\u00fcm \u00f6nlemleri ald\u0131k.<\/p><p>Bu sayede siz, hi\u00e7bir kayg\u0131 duymadan \u0130stanbul\u2019da ger\u00e7ekle\u015febilecek en b\u00fcy\u00fck depremden bile etkilenmeden \u201cBo\u011faz \u00c7aml\u0131ca\u201d <br \/>projesindeki evinizde bu ayr\u0131cal\u0131\u011f\u0131 ya\u015fayacaks\u0131n\u0131z.<\/p><p>That's why we can say that \u201cBo\u011faz \u00c7aml\u0131ca\u201d is \u201cthe address for security and peace of mind.\u201d<br \/><br \/><strong>\u2022 WELL-ORGANIZED TRANSPORT SYSTEM<\/strong><br \/><strong>\u2022 C40 CONCRETE, B500C REINFORCEMENT<\/strong><br \/><strong>\u2022 BUILDING USE CLASS: 1 <\/strong><br \/><strong>\u2022 BUILDING IMPORTANCE COEFFICIENT I=1.5 <\/strong><br \/><strong>\u2022 AFTER AN EARTHQUAKE: SAFE USE<\/strong><\/p>\t\t\t\t\t\t\t\t<\/div>\n\t\t\t\t<\/div>\n\t\t\t\t<div class=\"elementor-element elementor-element-acd924e reveal elementor-hidden-desktop elementor-widget elementor-widget-image\" data-id=\"acd924e\" data-element_type=\"widget\" data-widget_type=\"image.default\">\n\t\t\t\t<div class=\"elementor-widget-container\">\n\t\t\t\t\t\t\t\t\t\t\t\t\t\t\t<img fetchpriority=\"high\" decoding=\"async\" width=\"1863\" height=\"2560\" src=\"https:\/\/bogazcamlica.com.tr\/wp-content\/uploads\/2025\/05\/deprem1g-scaled.webp\" class=\"attachment-full size-full wp-image-1458\" alt=\"\" srcset=\"https:\/\/bogazcamlica.com.tr\/wp-content\/uploads\/2025\/05\/deprem1g-scaled.webp 1863w, https:\/\/bogazcamlica.com.tr\/wp-content\/uploads\/2025\/05\/deprem1g-218x300.webp 218w, https:\/\/bogazcamlica.com.tr\/wp-content\/uploads\/2025\/05\/deprem1g-745x1024.webp 745w, https:\/\/bogazcamlica.com.tr\/wp-content\/uploads\/2025\/05\/deprem1g-768x1055.webp 768w, https:\/\/bogazcamlica.com.tr\/wp-content\/uploads\/2025\/05\/deprem1g-1118x1536.webp 1118w, https:\/\/bogazcamlica.com.tr\/wp-content\/uploads\/2025\/05\/deprem1g-1490x2048.webp 1490w\" sizes=\"(max-width: 1863px) 100vw, 1863px\" \/>\t\t\t\t\t\t\t\t\t\t\t\t\t\t\t<\/div>\n\t\t\t\t<\/div>\n\t\t\t\t<\/div>\n\t\t\t\t\t<\/div>\n\t\t\t\t<\/div>\n\t\t\t\t<\/div>\n\t\t<div class=\"elementor-element elementor-element-84f97d9 e-con-full e-flex e-con e-parent\" data-id=\"84f97d9\" data-element_type=\"container\">\n\t\t<div class=\"elementor-element elementor-element-f0c8852 e-flex e-con-boxed e-con e-child\" data-id=\"f0c8852\" data-element_type=\"container\">\n\t\t\t\t\t<div class=\"e-con-inner\">\n\t\t<div class=\"elementor-element elementor-element-0683b0e e-con-full container e-flex e-con e-child\" data-id=\"0683b0e\" data-element_type=\"container\">\n\t\t\t\t<div class=\"elementor-element elementor-element-fc2ea21 reveal elementor-widget elementor-widget-image\" data-id=\"fc2ea21\" data-element_type=\"widget\" data-widget_type=\"image.default\">\n\t\t\t\t<div class=\"elementor-widget-container\">\n\t\t\t\t\t\t\t\t\t\t\t\t\t\t\t<img decoding=\"async\" width=\"1849\" height=\"2560\" src=\"https:\/\/bogazcamlica.com.tr\/wp-content\/uploads\/2025\/05\/deprem2g-scaled.webp\" class=\"attachment-full size-full wp-image-1459\" alt=\"\" srcset=\"https:\/\/bogazcamlica.com.tr\/wp-content\/uploads\/2025\/05\/deprem2g-scaled.webp 1849w, https:\/\/bogazcamlica.com.tr\/wp-content\/uploads\/2025\/05\/deprem2g-217x300.webp 217w, https:\/\/bogazcamlica.com.tr\/wp-content\/uploads\/2025\/05\/deprem2g-740x1024.webp 740w, https:\/\/bogazcamlica.com.tr\/wp-content\/uploads\/2025\/05\/deprem2g-768x1063.webp 768w, https:\/\/bogazcamlica.com.tr\/wp-content\/uploads\/2025\/05\/deprem2g-1109x1536.webp 1109w, https:\/\/bogazcamlica.com.tr\/wp-content\/uploads\/2025\/05\/deprem2g-1479x2048.webp 1479w\" sizes=\"(max-width: 1849px) 100vw, 1849px\" \/>\t\t\t\t\t\t\t\t\t\t\t\t\t\t\t<\/div>\n\t\t\t\t<\/div>\n\t\t\t\t<\/div>\n\t\t<div class=\"elementor-element elementor-element-51c5835 e-con-full e-flex e-con e-child\" data-id=\"51c5835\" data-element_type=\"container\" data-settings=\"{&quot;background_background&quot;:&quot;classic&quot;}\">\n\t\t\t\t<div class=\"elementor-element elementor-element-28446f0 text-reveal elementor-widget elementor-widget-heading\" data-id=\"28446f0\" data-element_type=\"widget\" data-widget_type=\"heading.default\">\n\t\t\t\t<div class=\"elementor-widget-container\">\n\t\t\t\t\t<h2 class=\"elementor-heading-title elementor-size-default\">According to the Turkish Building Earthquake Regulation \n(TBDY) 2018 (Table 1), \nall residential buildings in our country;<\/h2>\t\t\t\t<\/div>\n\t\t\t\t<\/div>\n\t\t\t\t<div class=\"elementor-element elementor-element-1f7e4cc text-reveal elementor-hidden-tablet elementor-hidden-mobile elementor-widget elementor-widget-text-editor\" data-id=\"1f7e4cc\" data-element_type=\"widget\" data-widget_type=\"text-editor.default\">\n\t\t\t\t<div class=\"elementor-widget-container\">\n\t\t\t\t\t\t\t\t\t<p><strong> BKS=3<\/strong> and the building is constructed with a Building Importance Factor I=1, and static and seismic calculations are performed accordingly. This means that in the event of the largest possible earthquake, structures may sustain damage and become unusable, but the building will remain standing without collapsing and will be designed to prevent loss of life.<\/p><p><strong>BKS=1<\/strong> and no damage from earthquakes is expected in buildings constructed with a Building Importance Factor I=1.5. These structures continue to function after an earthquake.<\/p><p class=\"translation-block\">In the static calculations for the \u201cBo\u011faz \u00c7aml\u0131ca\u201d project, the earthquake calculation was performed using BKS=1 and Building Importance Factor I=1.5.<\/p><p class=\"translation-block\">Therefore, residents of Bo\u011faz \u00c7aml\u0131ca will be able to continue enjoying the privilege of using their homes without any damage, without any worries, and without being affected even by the largest earthquake that could occur in Istanbul.<\/p>\t\t\t\t\t\t\t\t<\/div>\n\t\t\t\t<\/div>\n\t\t\t\t<div class=\"elementor-element elementor-element-2081a22 text-reveal elementor-hidden-desktop elementor-widget elementor-widget-text-editor\" data-id=\"2081a22\" data-element_type=\"widget\" data-widget_type=\"text-editor.default\">\n\t\t\t\t<div class=\"elementor-widget-container\">\n\t\t\t\t\t\t\t\t\t<p><strong> BKS=3<\/strong> ve Bina \u00d6nem Katsay\u0131s\u0131 I=1 al\u0131narak in\u015fa edilir, statik ve <br \/>deprem hesaplar\u0131 buna g\u00f6re yap\u0131l\u0131r. Bunun anlam\u0131; olabilecek <br \/>en b\u00fcy\u00fck depremde yap\u0131lar hasar g\u00f6rebilir, kullan\u0131lmaz hale <br \/>gelebilir fakat bina y\u0131k\u0131lmadan ayakta kal\u0131r ve can kayb\u0131 <br \/>ya\u015fanmayacak \u015fekilde tasarlanm\u0131\u015f olur.<br \/><br \/><strong>BKS=1<\/strong> ve Bina \u00d6nem Katsay\u0131s\u0131 I=1.5 al\u0131narak in\u015fa edilen <br \/>yap\u0131larda depremden kaynaklanan bir hasar beklenmez. Bu <br \/>yap\u0131lar, deprem sonras\u0131nda da hizmet vermeye devam ederler.<br \/><br \/>\u201cBo\u011faz \u00c7aml\u0131ca\u201dprojesindeki statik hesaplamalarda; <strong>BKS=1<\/strong>, <br \/>Bina \u00d6nem Katsay\u0131s\u0131 <strong>I=1.5<\/strong> al\u0131narak deprem hesab\u0131 yap\u0131lm\u0131\u015ft\u0131r.<br \/><br \/><strong>\u2018\u2019Dolay\u0131s\u0131yla; \u201cBo\u011faz \u00c7aml\u0131ca\u201d sakinleri hi\u00e7bir kayg\u0131 <\/strong><br \/><strong>duymadan, \u0130stanbul\u2019da ger\u00e7ekle\u015febilecek en b\u00fcy\u00fck <\/strong><br \/><strong>depremden dahi etkilenmeden, evlerini \u2018\u2019HASARSIZ\u2019\u2019 <\/strong><br \/><strong>kullanmaya devam etme ayr\u0131cal\u0131\u011f\u0131n\u0131 ya\u015fayabilecekler.\u2019<\/strong><\/p>\t\t\t\t\t\t\t\t<\/div>\n\t\t\t\t<\/div>\n\t\t\t\t<\/div>\n\t\t\t\t\t<\/div>\n\t\t\t\t<\/div>\n\t\t\t\t<\/div>\n\t\t<div class=\"elementor-element elementor-element-7c464ca e-flex e-con-boxed e-con e-parent\" data-id=\"7c464ca\" data-element_type=\"container\">\n\t\t\t\t\t<div class=\"e-con-inner\">\n\t\t\t\t<div class=\"elementor-element elementor-element-3de4dd3 elementor-widget elementor-widget-html\" data-id=\"3de4dd3\" data-element_type=\"widget\" data-widget_type=\"html.default\">\n\t\t\t\t<div class=\"elementor-widget-container\">\n\t\t\t\t\t<table border=\"1\" cellpadding=\"10\" cellspacing=\"0\">\r\n  <caption style=\"font-size:25px\"><strong>TURKEY BUILDING EARTHQUAKE REGULATIONS 2018<\/strong><br>Table 1 \u2013 Building Usage Classes and Building Importance Factors<\/caption>\r\n  <thead>\r\n    <tr>\r\n      <th>Building Use Class<\/th>\r\n      <th>Purpose of Use of the Building<\/th>\r\n      <th>Building Importance Factor (I)<\/th>\r\n    <\/tr>\r\n  <\/thead>\r\n  <tbody>\r\n    <tr>\r\n      <td>BKS : 1<\/td>\r\n      <td>\r\n        <strong>Buildings that must be used after an earthquake, buildings where people are present for long periods of time and in large numbers, buildings where valuable items are stored, and buildings containing hazardous materials<\/strong><br><br>\r\n        a) Buildings that must be used immediately after an earthquake (Hospitals, dispensaries, health centers, fire department buildings and facilities, PTT and other communication facilities, transportation stations and terminals, energy production and distribution facilities, provincial, district, and municipal administration buildings, first aid and disaster planning stations)<br><br>\r\n        b) Schools, other educational buildings and facilities, dormitories and hostels, military barracks, prisons, etc.<br><br>\r\n        c) Museums<br><br>\r\n        d) Buildings where toxic, explosive, flammable, etc. substances are located or stored\r\n      <\/td>\r\n      <td>1.5<\/td>\r\n    <\/tr>\r\n    <tr>\r\n      <td>BKS : 2<\/td>\r\n      <td>\r\n        Buildings where people gather for short periods of time and in large numbers<br><br>\r\n        Shopping malls, sports facilities, cinemas, theaters, concert halls, places of worship, etc.\r\n      <\/td>\r\n      <td>1.2<\/td>\r\n    <\/tr>\r\n    <tr>\r\n      <td>BKS : 3<\/td>\r\n      <td>\r\n        Other buildings<br><br>\r\n        Other buildings not covered by the definitions given for BKS=1 and BKS=2 (residential buildings, workplaces, hotels, industrial buildings, etc.)\r\n      <\/td>\r\n      <td>1.0<\/td>\r\n    <\/tr>\r\n  <\/tbody>\r\n<\/table>\r\n\t\t\t\t<\/div>\n\t\t\t\t<\/div>\n\t\t\t\t\t<\/div>\n\t\t\t\t<\/div>\n\t\t\t\t<\/div>","protected":false},"excerpt":{"rendered":"<p>DEPREM VE G\u00dcVENL\u0130K DEPREM VE G\u00dcVENL\u0130K Depremi Unutun. Deprem Size Ve Evinize Zarar Veremeyecek Depremler, maalesef \u00fclkemizin bir ger\u00e7e\u011fi. Ancak yap\u0131lan t\u00fcm ara\u015ft\u0131rmalar g\u00f6steriyor ki deprem de\u011fil, tedbirsizlik zarar veriyor\u2026 \u201cBo\u011faz \u00c7aml\u0131ca\u201d projemizde ayr\u0131cal\u0131kl\u0131 hayat\u0131n\u0131z\u0131 ya\u015farken bu konuyla akl\u0131n\u0131z\u0131 me\u015fgul etmek zorunda de\u011filsiniz. \u201cBo\u011faz \u00c7aml\u0131ca\u201d Projesi\u2019ni depreme sadece dayan\u0131kl\u0131 de\u011fil, depreme ekstra dayan\u0131kl\u0131 olacak \u015fekilde [&hellip;]<\/p>","protected":false},"author":1,"featured_media":0,"parent":0,"menu_order":0,"comment_status":"closed","ping_status":"closed","template":"","meta":{"footnotes":""},"class_list":["post-1450","page","type-page","status-publish","hentry"],"_links":{"self":[{"href":"https:\/\/bogazcamlica.com.tr\/en\/wp-json\/wp\/v2\/pages\/1450","targetHints":{"allow":["GET"]}}],"collection":[{"href":"https:\/\/bogazcamlica.com.tr\/en\/wp-json\/wp\/v2\/pages"}],"about":[{"href":"https:\/\/bogazcamlica.com.tr\/en\/wp-json\/wp\/v2\/types\/page"}],"author":[{"embeddable":true,"href":"https:\/\/bogazcamlica.com.tr\/en\/wp-json\/wp\/v2\/users\/1"}],"replies":[{"embeddable":true,"href":"https:\/\/bogazcamlica.com.tr\/en\/wp-json\/wp\/v2\/comments?post=1450"}],"version-history":[{"count":37,"href":"https:\/\/bogazcamlica.com.tr\/en\/wp-json\/wp\/v2\/pages\/1450\/revisions"}],"predecessor-version":[{"id":1557,"href":"https:\/\/bogazcamlica.com.tr\/en\/wp-json\/wp\/v2\/pages\/1450\/revisions\/1557"}],"wp:attachment":[{"href":"https:\/\/bogazcamlica.com.tr\/en\/wp-json\/wp\/v2\/media?parent=1450"}],"curies":[{"name":"wp","href":"https:\/\/api.w.org\/{rel}","templated":true}]}}