{"id":871,"date":"2025-04-16T18:09:55","date_gmt":"2025-04-16T15:09:55","guid":{"rendered":"https:\/\/www.bogazcamlica.com.tr\/?page_id=871"},"modified":"2025-04-18T07:48:59","modified_gmt":"2025-04-18T04:48:59","slug":"kvkk-aydinlatma-metni","status":"publish","type":"page","link":"https:\/\/bogazcamlica.com.tr\/en\/kvkk-aydinlatma-metni\/","title":{"rendered":"KVKK Ayd\u0131nlatma Metni"},"content":{"rendered":"<div data-elementor-type=\"wp-page\" data-elementor-id=\"871\" class=\"elementor elementor-871\" data-elementor-post-type=\"page\">\n\t\t\t\t<div class=\"elementor-element elementor-element-96b0178 e-con-full e-flex e-con e-parent\" data-id=\"96b0178\" data-element_type=\"container\">\n\t\t\t\t<div class=\"elementor-element elementor-element-67e5f18 elementor-hidden-tablet elementor-hidden-mobile elementor-widget elementor-widget-image\" data-id=\"67e5f18\" data-element_type=\"widget\" data-widget_type=\"image.default\">\n\t\t\t\t<div class=\"elementor-widget-container\">\n\t\t\t\t\t\t\t\t\t\t\t\t\t\t\t<img fetchpriority=\"high\" decoding=\"async\" width=\"2363\" height=\"762\" src=\"https:\/\/bogazcamlica.com.tr\/wp-content\/uploads\/2025\/04\/header-bg-1.webp\" class=\"attachment-full size-full wp-image-1057\" alt=\"\" srcset=\"https:\/\/bogazcamlica.com.tr\/wp-content\/uploads\/2025\/04\/header-bg-1.webp 2363w, https:\/\/bogazcamlica.com.tr\/wp-content\/uploads\/2025\/04\/header-bg-1-300x97.webp 300w, https:\/\/bogazcamlica.com.tr\/wp-content\/uploads\/2025\/04\/header-bg-1-1024x330.webp 1024w, https:\/\/bogazcamlica.com.tr\/wp-content\/uploads\/2025\/04\/header-bg-1-768x248.webp 768w, https:\/\/bogazcamlica.com.tr\/wp-content\/uploads\/2025\/04\/header-bg-1-1536x495.webp 1536w, https:\/\/bogazcamlica.com.tr\/wp-content\/uploads\/2025\/04\/header-bg-1-2048x660.webp 2048w\" sizes=\"(max-width: 2363px) 100vw, 2363px\" \/>\t\t\t\t\t\t\t\t\t\t\t\t\t\t\t<\/div>\n\t\t\t\t<\/div>\n\t\t\t\t<\/div>\n\t\t<div class=\"elementor-element elementor-element-14595d8 e-flex e-con-boxed e-con e-parent\" data-id=\"14595d8\" data-element_type=\"container\">\n\t\t\t\t\t<div class=\"e-con-inner\">\n\t\t\t\t<div class=\"elementor-element elementor-element-752a97d elementor-widget elementor-widget-heading\" data-id=\"752a97d\" data-element_type=\"widget\" data-widget_type=\"heading.default\">\n\t\t\t\t<div class=\"elementor-widget-container\">\n\t\t\t\t\t<h2 class=\"elementor-heading-title elementor-size-default\">K\u0130\u015e\u0130SEL VER\u0130LER\u0130N KORUNMASI HAKKINDA AYDINLATMA METN\u0130<\/h2>\t\t\t\t<\/div>\n\t\t\t\t<\/div>\n\t\t\t\t<div class=\"elementor-element elementor-element-5407e43 elementor-widget elementor-widget-text-editor\" data-id=\"5407e43\" data-element_type=\"widget\" data-widget_type=\"text-editor.default\">\n\t\t\t\t<div class=\"elementor-widget-container\">\n\t\t\t\t\t\t\t\t\t<p class=\"\" data-start=\"206\" data-end=\"586\">\u0130\u015fbu Ayd\u0131nlatma Metni, veri sorumlusu s\u0131fat\u0131yla hareket eden <strong data-start=\"267\" data-end=\"317\">\u00d6z-Ka \u0130n\u015faat Sanayi ve Ticaret Limited \u015eirketi<\/strong> (\u201c\u015eirket\u201d) taraf\u0131ndan, 6698 say\u0131l\u0131 Ki\u015fisel Verilerin Korunmas\u0131 Kanunu (\u201cKVKK\u201d) kapsam\u0131nda ki\u015fisel verilerinizin hangi ama\u00e7larla i\u015flenece\u011fi, kimlerle payla\u015f\u0131labilece\u011fi, veri toplama y\u00f6ntemleri ve yasal haklar\u0131n\u0131z hakk\u0131nda sizleri bilgilendirmek amac\u0131yla haz\u0131rlanm\u0131\u015ft\u0131r.<\/p><h4 class=\"\" data-start=\"588\" data-end=\"630\">1. Ki\u015fisel Verilerin \u0130\u015flenme Ama\u00e7lar\u0131<\/h4><p class=\"\" data-start=\"631\" data-end=\"785\">\u0130nternet sitemizde yer alan <strong data-start=\"659\" data-end=\"685\">Information and Appointment Form<\/strong> vas\u0131tas\u0131yla taraf\u0131m\u0131za iletti\u011finiz ad, soyad, telefon ve e-posta adresi gibi ki\u015fisel verileriniz;<\/p><ul data-start=\"786\" data-end=\"984\"><li class=\"\" data-start=\"786\" data-end=\"822\"><p class=\"\" data-start=\"788\" data-end=\"822\">Taraf\u0131n\u0131zla ileti\u015fime ge\u00e7ilmesi,<\/p><\/li><li class=\"\" data-start=\"823\" data-end=\"859\"><p class=\"\" data-start=\"825\" data-end=\"859\">Projeye ili\u015fkin bilgi verilmesi,<\/p><\/li><li class=\"\" data-start=\"860\" data-end=\"886\"><p class=\"\" data-start=\"862\" data-end=\"886\">Randevu olu\u015fturulmas\u0131,<\/p><\/li><li class=\"\" data-start=\"887\" data-end=\"984\"><p class=\"\" data-start=\"889\" data-end=\"984\">Tan\u0131t\u0131m, kampanya, reklam ve pazarlama faaliyetlerinin y\u00fcr\u00fct\u00fclmesi<br data-start=\"955\" data-end=\"958\" \/>ama\u00e7lar\u0131yla i\u015flenmektedir.<\/p><\/li><\/ul><h4 class=\"\" data-start=\"986\" data-end=\"1023\">2. Ki\u015fisel Verilerin Aktar\u0131lmas\u0131<\/h4><p class=\"\" data-start=\"1024\" data-end=\"1217\">Ki\u015fisel verileriniz, yukar\u0131da belirtilen ama\u00e7lar do\u011frultusunda; i\u015f ortaklar\u0131m\u0131z, hizmet sa\u011flay\u0131c\u0131lar\u0131m\u0131z, gerekti\u011finde yasal y\u00fck\u00fcml\u00fcl\u00fckler kapsam\u0131nda resmi kurum ve kurulu\u015flarla payla\u015f\u0131labilir.<\/p><h4 class=\"\" data-start=\"1219\" data-end=\"1271\">3. Ki\u015fisel Veri Toplama Y\u00f6ntemi ve Hukuki Sebep<\/h4><p class=\"\" data-start=\"1272\" data-end=\"1540\">Ki\u015fisel verileriniz, internet sitemiz \u00fczerindeki formlar arac\u0131l\u0131\u011f\u0131yla elektronik ortamda toplanmaktad\u0131r. Bu veriler, KVKK\u2019n\u0131n 5. maddesinde belirtilen &#8220;a\u00e7\u0131k r\u0131za&#8221; ve &#8220;bir s\u00f6zle\u015fmenin kurulmas\u0131 veya ifas\u0131 i\u00e7in gerekli olmas\u0131&#8221; hukuki sebeplerine dayanarak i\u015flenmektedir.<\/p><h4 class=\"\" data-start=\"1542\" data-end=\"1578\">4. KVKK Kapsam\u0131ndaki Haklar\u0131n\u0131z<\/h4><p class=\"\" data-start=\"1579\" data-end=\"1611\">KVKK\u2019n\u0131n 11. maddesi uyar\u0131nca;<\/p><ul data-start=\"1612\" data-end=\"2341\"><li class=\"\" data-start=\"1612\" data-end=\"1668\"><p class=\"\" data-start=\"1614\" data-end=\"1668\">Ki\u015fisel verilerinizin i\u015flenip i\u015flenmedi\u011fini \u00f6\u011frenme,<\/p><\/li><li class=\"\" data-start=\"1669\" data-end=\"1714\"><p class=\"\" data-start=\"1671\" data-end=\"1714\">\u0130\u015flenmi\u015fse buna ili\u015fkin bilgi talep etme,<\/p><\/li><li class=\"\" data-start=\"1715\" data-end=\"1787\"><p class=\"\" data-start=\"1717\" data-end=\"1787\">\u0130\u015fleme amac\u0131n\u0131 ve amac\u0131na uygun kullan\u0131l\u0131p kullan\u0131lmad\u0131\u011f\u0131n\u0131 \u00f6\u011frenme,<\/p><\/li><li class=\"\" data-start=\"1788\" data-end=\"1856\"><p class=\"\" data-start=\"1790\" data-end=\"1856\">Yurt i\u00e7inde veya yurt d\u0131\u015f\u0131nda aktar\u0131ld\u0131\u011f\u0131 \u00fc\u00e7\u00fcnc\u00fc ki\u015fileri bilme,<\/p><\/li><li class=\"\" data-start=\"1857\" data-end=\"1912\"><p class=\"\" data-start=\"1859\" data-end=\"1912\">Eksik veya yanl\u0131\u015f i\u015flenmi\u015fse d\u00fczeltilmesini isteme,<\/p><\/li><li class=\"\" data-start=\"1913\" data-end=\"1977\"><p class=\"\" data-start=\"1915\" data-end=\"1977\">KVKK\u2019ya uygun olarak silinmesini veya yok edilmesini isteme,<\/p><\/li><li class=\"\" data-start=\"1978\" data-end=\"2065\"><p class=\"\" data-start=\"1980\" data-end=\"2065\">D\u00fczeltme veya silme i\u015flemlerinin aktar\u0131ld\u0131\u011f\u0131 \u00fc\u00e7\u00fcnc\u00fc ki\u015filere bildirilmesini isteme,<\/p><\/li><li class=\"\" data-start=\"2066\" data-end=\"2214\"><p class=\"\" data-start=\"2068\" data-end=\"2214\">\u0130\u015flenen verilerin m\u00fcnhas\u0131ran otomatik sistemler vas\u0131tas\u0131yla analiz edilmesi suretiyle ki\u015finin aleyhine bir sonucun ortaya \u00e7\u0131kmas\u0131na itiraz etme,<\/p><\/li><li class=\"\" data-start=\"2215\" data-end=\"2341\"><p class=\"\" data-start=\"2217\" data-end=\"2341\">Kanuna ayk\u0131r\u0131 olarak i\u015flenmesi sebebiyle zarara u\u011framan\u0131z h\u00e2linde zarar\u0131n\u0131z\u0131n giderilmesini talep etme haklar\u0131na sahipsiniz.<\/p><\/li><\/ul><p class=\"\" data-start=\"2343\" data-end=\"2485\">Taleplerinizi, <a rel=\"noopener\" data-start=\"2358\" data-end=\"2415\">info@oz-kainsaat.com.tr<\/a> adresine iletebilir veya \u015eirketimize yaz\u0131l\u0131 olarak ba\u015fvurabilirsiniz.<\/p>\t\t\t\t\t\t\t\t<\/div>\n\t\t\t\t<\/div>\n\t\t\t\t\t<\/div>\n\t\t\t\t<\/div>\n\t\t\t\t<\/div>","protected":false},"excerpt":{"rendered":"<p>K\u0130\u015e\u0130SEL VER\u0130LER\u0130N KORUNMASI HAKKINDA AYDINLATMA METN\u0130 \u0130\u015fbu Ayd\u0131nlatma Metni, veri sorumlusu s\u0131fat\u0131yla hareket eden \u00d6z-Ka \u0130n\u015faat Sanayi ve Ticaret Limited \u015eirketi (\u201c\u015eirket\u201d) taraf\u0131ndan, 6698 say\u0131l\u0131 Ki\u015fisel Verilerin Korunmas\u0131 Kanunu (\u201cKVKK\u201d) kapsam\u0131nda ki\u015fisel verilerinizin hangi ama\u00e7larla i\u015flenece\u011fi, kimlerle payla\u015f\u0131labilece\u011fi, veri toplama y\u00f6ntemleri ve yasal haklar\u0131n\u0131z hakk\u0131nda sizleri bilgilendirmek amac\u0131yla haz\u0131rlanm\u0131\u015ft\u0131r. 1. Ki\u015fisel Verilerin \u0130\u015flenme Ama\u00e7lar\u0131 \u0130nternet [&hellip;]<\/p>","protected":false},"author":1,"featured_media":0,"parent":0,"menu_order":0,"comment_status":"closed","ping_status":"closed","template":"","meta":{"footnotes":""},"class_list":["post-871","page","type-page","status-publish","hentry"],"_links":{"self":[{"href":"https:\/\/bogazcamlica.com.tr\/en\/wp-json\/wp\/v2\/pages\/871","targetHints":{"allow":["GET"]}}],"collection":[{"href":"https:\/\/bogazcamlica.com.tr\/en\/wp-json\/wp\/v2\/pages"}],"about":[{"href":"https:\/\/bogazcamlica.com.tr\/en\/wp-json\/wp\/v2\/types\/page"}],"author":[{"embeddable":true,"href":"https:\/\/bogazcamlica.com.tr\/en\/wp-json\/wp\/v2\/users\/1"}],"replies":[{"embeddable":true,"href":"https:\/\/bogazcamlica.com.tr\/en\/wp-json\/wp\/v2\/comments?post=871"}],"version-history":[{"count":0,"href":"https:\/\/bogazcamlica.com.tr\/en\/wp-json\/wp\/v2\/pages\/871\/revisions"}],"wp:attachment":[{"href":"https:\/\/bogazcamlica.com.tr\/en\/wp-json\/wp\/v2\/media?parent=871"}],"curies":[{"name":"wp","href":"https:\/\/api.w.org\/{rel}","templated":true}]}}